{"id":313,"date":"2019-12-26T06:57:13","date_gmt":"2019-12-26T06:57:13","guid":{"rendered":"https:\/\/uempire.net\/about\/"},"modified":"2025-04-27T22:32:51","modified_gmt":"2025-04-27T22:32:51","slug":"a-propos","status":"publish","type":"page","link":"https:\/\/uempire.net\/en\/a-propos\/","title":{"rendered":"\u00c0 propos"},"content":{"rendered":"<div data-elementor-type=\"wp-page\" data-elementor-id=\"313\" class=\"elementor elementor-313\" data-elementor-post-type=\"page\">\n\t\t\t\t<div class=\"aux-parallax-section elementor-element elementor-element-0663ad4 e-flex e-con-boxed e-con e-parent\" data-id=\"0663ad4\" data-element_type=\"container\">\n\t\t\t\t\t<div class=\"e-con-inner\">\n\t\t\t\t<div class=\"elementor-element elementor-element-245bd2b elementor-widget elementor-widget-heading\" data-id=\"245bd2b\" data-element_type=\"widget\" data-widget_type=\"heading.default\">\n\t\t\t\t<div class=\"elementor-widget-container\">\n\t\t\t\t\t<h2 class=\"elementor-heading-title elementor-size-default\">\u00c0 Propos<\/h2>\t\t\t\t<\/div>\n\t\t\t\t<\/div>\n\t\t\t\t\t<\/div>\n\t\t\t\t<\/div>\n\t\t<div class=\"aux-parallax-section elementor-element elementor-element-06262e9 e-flex e-con-boxed e-con e-parent\" data-id=\"06262e9\" data-element_type=\"container\">\n\t\t\t\t\t<div class=\"e-con-inner\">\n\t\t<div class=\"elementor-element elementor-element-4c8d148 e-con-full e-flex e-con e-child\" data-id=\"4c8d148\" data-element_type=\"container\">\n\t\t\t\t<div class=\"elementor-element elementor-element-4591241 aux-appear-watch-animation aux-fade-in-up-1 elementor-widget elementor-widget-aux_modern_heading\" data-id=\"4591241\" data-element_type=\"widget\" data-widget_type=\"aux_modern_heading.default\">\n\t\t\t\t<div class=\"elementor-widget-container\">\n\t\t\t\t\t<section class=\"aux-widget-modern-heading\">\n            <div class=\"aux-widget-inner\"><h2 class=\"aux-modern-heading-primary\"><\/h2><h3 class=\"aux-modern-heading-secondary\"><span class=\"aux-head-before\">UEMPIRE : R\u00e9aliser les r\u00eaves <\/span><span class=\"aux-head-highlight\">les plus audacieux<\/span><\/h3><div class=\"aux-modern-heading-description\"><p>UEMPIRE incarne la conviction profonde que tout est possible pour ceux qui osent r\u00eaver grand et s'engagent pleinement dans la r\u00e9alisation de leurs ambitions. Notre histoire commence avec un jeune visionnaire, issu d'une humble origine, qui a su transformer chaque d\u00e9fi en opportunit\u00e9 pour concr\u00e9tiser son r\u00eave entrepreneurial.<\/p><p>Passionn\u00e9 depuis son plus jeune \u00e2ge par les nouvelles technologies et les sciences, M. Victor-Urbain a trac\u00e9 son chemin avec d\u00e9termination, aboutissant \u00e0 la fondation d'un empire. <br \/>\u00c0 la t\u00eate de cette multinationale, son objectif est clair : r\u00e9volutionner le monde entrepreneurial en offrant des solutions innovantes et efficaces, tout en favorisant le d\u00e9veloppement durable des entreprises et des communaut\u00e9s.<br \/>Fond\u00e9e sur des valeurs int\u00e8gres et rigoureuses telles que le respect, l'int\u00e9grit\u00e9 et le professionnalisme, UEMPIRE place l'humain au c\u0153ur de son action. Notre engagement se manifeste \u00e0 travers une expertise reconnue en innovation technologique et un accompagnement personnalis\u00e9 des entreprises dans leur transition vers le num\u00e9rique.<\/p><p>Nous sommes honor\u00e9s par la confiance que vous nous accordez, et c'est avec un d\u00e9vouement renouvel\u00e9 que toute l'\u00e9quipe d'UEMPIRE s'engage \u00e0 vous offrir un service d'excellence.<br \/>Bienvenue dans l'univers passionnant d'UEMPIRE !<\/p><p>L'\u00e9quipe UEMPIRE,<\/p><\/div><\/div>\n        <\/section>\t\t\t\t<\/div>\n\t\t\t\t<\/div>\n\t\t\t\t<\/div>\n\t\t<div class=\"elementor-element elementor-element-9559b73 e-con-full e-flex e-con e-child\" data-id=\"9559b73\" data-element_type=\"container\">\n\t\t\t\t<div class=\"elementor-element elementor-element-332b0b5 aux-appear-watch-animation aux-scale-up-1 elementor-widget elementor-widget-aux_image\" data-id=\"332b0b5\" data-element_type=\"widget\" data-widget_type=\"aux_image.default\">\n\t\t\t\t<div class=\"elementor-widget-container\">\n\t\t\t\t\t<section class=\"widget-container aux-widget-image aux-alignnone aux-parent-au6ba3cef9\">\n    <div class=\"aux-media-hint-frame\">\n        <div class=\"aux-media-image\" >\n        \n            \n\n            \n            <img fetchpriority=\"high\" decoding=\"async\" width=\"1024\" height=\"1280\" src=\"data:image\/gif;base64,R0lGODlhAQABAIAAAAAAAP\/\/\/yH5BAEAAAAALAAAAAABAAEAAAIBRAA7\" class=\"aux-attachment aux-featured-image aux-attachment-id-604 aux-preload aux-blank\" alt=\"CEO UEMPIRE Groupe\" data-ratio=\"0.8\" data-original-w=\"1024\" data-src=\"https:\/\/uempire.net\/wp-content\/uploads\/2024\/04\/01-CEO-uempire-profil.png\" \/>            \n                <\/div>\n    <\/div>\n\n<\/section><!-- widget-container -->\t\t\t\t<\/div>\n\t\t\t\t<\/div>\n\t\t\t\t<\/div>\n\t\t\t\t\t<\/div>\n\t\t\t\t<\/div>\n\t\t<div class=\"aux-parallax-section elementor-element elementor-element-e757f08 aux-appear-watch-animation aux-mask-from-top e-con-full e-flex e-con e-parent\" data-id=\"e757f08\" data-element_type=\"container\">\n\t\t<div class=\"elementor-element elementor-element-0ddacfb e-con-full e-flex e-con e-child\" data-id=\"0ddacfb\" data-element_type=\"container\" data-settings=\"{&quot;background_background&quot;:&quot;classic&quot;}\">\n\t\t\t\t<div class=\"elementor-element elementor-element-6ea5cf0 aux-appear-watch-animation aux-fade-in-up-1 elementor-widget elementor-widget-aux_modern_heading\" data-id=\"6ea5cf0\" data-element_type=\"widget\" data-widget_type=\"aux_modern_heading.default\">\n\t\t\t\t<div class=\"elementor-widget-container\">\n\t\t\t\t\t<section class=\"aux-widget-modern-heading\">\n            <div class=\"aux-widget-inner\"><h2 class=\"aux-modern-heading-primary\">Notre Mission<\/h2><div class=\"aux-modern-heading-description\">Proposer des solutions innovantes, accessibles et adapt\u00e9es \u00e0 chaque environnement.\n<\/div><\/div>\n        <\/section>\t\t\t\t<\/div>\n\t\t\t\t<\/div>\n\t\t\t\t<\/div>\n\t\t<div class=\"elementor-element elementor-element-7bf1e25 e-con-full e-flex e-con e-child\" data-id=\"7bf1e25\" data-element_type=\"container\" data-settings=\"{&quot;background_background&quot;:&quot;classic&quot;}\">\n\t\t\t\t<div class=\"elementor-element elementor-element-7d0a2f4 aux-appear-watch-animation aux-fade-in-up-1 elementor-widget elementor-widget-aux_modern_heading\" data-id=\"7d0a2f4\" data-element_type=\"widget\" data-widget_type=\"aux_modern_heading.default\">\n\t\t\t\t<div class=\"elementor-widget-container\">\n\t\t\t\t\t<section class=\"aux-widget-modern-heading\">\n            <div class=\"aux-widget-inner\"><h2 class=\"aux-modern-heading-primary\">Notre Vision<\/h2><div class=\"aux-modern-heading-description\"><p>Se situer parmi les meilleures entreprises de conception des solutions digitales et innovantes.<\/p><\/div><\/div>\n        <\/section>\t\t\t\t<\/div>\n\t\t\t\t<\/div>\n\t\t\t\t<\/div>\n\t\t<div class=\"elementor-element elementor-element-c59cc27 e-con-full e-flex e-con e-child\" data-id=\"c59cc27\" data-element_type=\"container\" data-settings=\"{&quot;background_background&quot;:&quot;classic&quot;}\">\n\t\t\t\t<div class=\"elementor-element elementor-element-4217c8d aux-appear-watch-animation aux-fade-in-up-1 elementor-widget elementor-widget-aux_modern_heading\" data-id=\"4217c8d\" data-element_type=\"widget\" data-widget_type=\"aux_modern_heading.default\">\n\t\t\t\t<div class=\"elementor-widget-container\">\n\t\t\t\t\t<section class=\"aux-widget-modern-heading\">\n            <div class=\"aux-widget-inner\"><h2 class=\"aux-modern-heading-primary\">Nos Valeurs<\/h2><div class=\"aux-modern-heading-description\"><p>Humain, Respect, Innovation, Passion.<\/p><\/div><\/div>\n        <\/section>\t\t\t\t<\/div>\n\t\t\t\t<\/div>\n\t\t\t\t<\/div>\n\t\t\t\t<\/div>\n\t\t\t\t<\/div>","protected":false},"excerpt":{"rendered":"<p>\u00c0 Propos UEMPIRE : R\u00e9aliser les r\u00eaves les plus audacieux UEMPIRE incarne la conviction profonde que tout est possible pour ceux qui osent r\u00eaver grand et s&rsquo;engagent pleinement dans la r\u00e9alisation de leurs ambitions. Notre histoire commence avec un jeune visionnaire, issu d&rsquo;une humble origine, qui a su transformer chaque d\u00e9fi en opportunit\u00e9 pour concr\u00e9tiser [&hellip;]<\/p>","protected":false},"author":1,"featured_media":0,"parent":0,"menu_order":0,"comment_status":"closed","ping_status":"closed","template":"templates\/page-builder-content.php","meta":{"footnotes":""},"class_list":["post-313","page","type-page","status-publish","hentry"],"_links":{"self":[{"href":"https:\/\/uempire.net\/en\/wp-json\/wp\/v2\/pages\/313","targetHints":{"allow":["GET"]}}],"collection":[{"href":"https:\/\/uempire.net\/en\/wp-json\/wp\/v2\/pages"}],"about":[{"href":"https:\/\/uempire.net\/en\/wp-json\/wp\/v2\/types\/page"}],"author":[{"embeddable":true,"href":"https:\/\/uempire.net\/en\/wp-json\/wp\/v2\/users\/1"}],"replies":[{"embeddable":true,"href":"https:\/\/uempire.net\/en\/wp-json\/wp\/v2\/comments?post=313"}],"version-history":[{"count":73,"href":"https:\/\/uempire.net\/en\/wp-json\/wp\/v2\/pages\/313\/revisions"}],"predecessor-version":[{"id":1506,"href":"https:\/\/uempire.net\/en\/wp-json\/wp\/v2\/pages\/313\/revisions\/1506"}],"wp:attachment":[{"href":"https:\/\/uempire.net\/en\/wp-json\/wp\/v2\/media?parent=313"}],"curies":[{"name":"wp","href":"https:\/\/api.w.org\/{rel}","templated":true}]}}